{"id":77,"date":"2017-10-23T12:19:30","date_gmt":"2017-10-23T10:19:30","guid":{"rendered":"http:\/\/nefropatologia.umed.pl\/?page_id=77"},"modified":"2023-05-18T10:15:04","modified_gmt":"2023-05-18T08:15:04","slug":"kontakt","status":"publish","type":"page","link":"https:\/\/nefropatologia.umed.pl\/index.php\/kontakt\/","title":{"rendered":"Kontakt"},"content":{"rendered":"<p><strong>Zak\u0142ad Nefropatologii<\/strong><br \/>\n92-213 \u0141\u00f3d\u017a<br \/>\nul. Pomorska 251 Budynek A-4<br \/>\ntel. 042 675 76 33,<br \/>\nfaks 042 675 76 33<\/p>\n<p><strong>e-mail:<\/strong><\/p>\n<p><a href=\"mailto:malgorzata.wagrowska-danilewicz@umed.lodz.pl\">malgorzata.wagrowska-danilewicz@umed.lodz.pl<\/a><\/p>\n<p><a title=\"Zak\u0142ad Nefropatologii\" href=\"mailto:nefropatologia@umed.lodz.pl\">nefropatologia@umed.lodz.pl<\/a><\/p>\n","protected":false},"excerpt":{"rendered":"<p>Zak\u0142ad Nefropatologii 92-213 \u0141\u00f3d\u017a ul. Pomorska 251 Budynek A-4 tel. 042 675 76 33, faks 042 675 76 33 e-mail: [&hellip;]<\/p>\n","protected":false},"author":5,"featured_media":0,"parent":0,"menu_order":0,"comment_status":"closed","ping_status":"closed","template":"","meta":{"footnotes":""},"class_list":["post-77","page","type-page","status-publish","hentry"],"_links":{"self":[{"href":"https:\/\/nefropatologia.umed.pl\/index.php\/wp-json\/wp\/v2\/pages\/77","targetHints":{"allow":["GET"]}}],"collection":[{"href":"https:\/\/nefropatologia.umed.pl\/index.php\/wp-json\/wp\/v2\/pages"}],"about":[{"href":"https:\/\/nefropatologia.umed.pl\/index.php\/wp-json\/wp\/v2\/types\/page"}],"author":[{"embeddable":true,"href":"https:\/\/nefropatologia.umed.pl\/index.php\/wp-json\/wp\/v2\/users\/5"}],"replies":[{"embeddable":true,"href":"https:\/\/nefropatologia.umed.pl\/index.php\/wp-json\/wp\/v2\/comments?post=77"}],"version-history":[{"count":3,"href":"https:\/\/nefropatologia.umed.pl\/index.php\/wp-json\/wp\/v2\/pages\/77\/revisions"}],"predecessor-version":[{"id":138,"href":"https:\/\/nefropatologia.umed.pl\/index.php\/wp-json\/wp\/v2\/pages\/77\/revisions\/138"}],"wp:attachment":[{"href":"https:\/\/nefropatologia.umed.pl\/index.php\/wp-json\/wp\/v2\/media?parent=77"}],"curies":[{"name":"wp","href":"https:\/\/api.w.org\/{rel}","templated":true}]}}