{"id":59,"date":"2017-10-23T11:56:39","date_gmt":"2017-10-23T09:56:39","guid":{"rendered":"http:\/\/nefropatologia.umed.pl\/?page_id=59"},"modified":"2023-05-18T10:16:56","modified_gmt":"2023-05-18T08:16:56","slug":"publikacje","status":"publish","type":"page","link":"https:\/\/nefropatologia.umed.pl\/index.php\/publikacje\/","title":{"rendered":"Publikacje"},"content":{"rendered":"<p>Ostatnie publikacje pracownik\u00f3w Zak\u0142adu:<\/p>\n<ol>\n<li>\n<p align=\"justify\"><a href=\"http:\/\/www.ncbi.nlm.nih.gov\/pubmed\/19240770?ordinalpos=1&amp;itool=EntrezSystem2.PEntrez.Pubmed.Pubmed_ResultsPanel.Pubmed_DefaultReportPanel.Pubmed_RVDocSum\">Morphometric and immunohistochemical insight into focal segmental glomerulosclerosis in obese and non-obese patients.<\/a>\u00a0Danilewicz M, Wagrowska-Danielwicz M. Nefrologia. 2009;29(1):35-41.<\/p>\n<\/li>\n<li>\n<p align=\"justify\"><a href=\"http:\/\/www.ncbi.nlm.nih.gov\/pubmed\/19247396?ordinalpos=1&amp;itool=EntrezSystem2.PEntrez.Pubmed.Pubmed_ResultsPanel.Pubmed_DefaultReportPanel.Pubmed_RVDocSum\">DNAzymes to mouse beta1 integrin mRNA in vivo: targeting the tumor vasculature and retarding cancer growth.<\/a>\u00a0Niewiarowska J, Sacewicz I, Wiktorska M, Wysocki T, Stasikowska O, Wagrowska-Danilewicz M, Cierniewski CS. Cancer Gene Ther. 2009 Feb 27. [Epub ahead of print]<\/p>\n<\/li>\n<li>\n<p align=\"justify\">Monocyte chemoattractant protein-1, but not RANTES plays a crucual role in the interstitial renal injury in IgA nephropathy.Olga\u00a0<a href=\"http:\/\/212.51.198.1\/cgi-bin\/expertnk.exe?KAT=%2Fwww%2Fbazy%2Fexp_dzn_um_kbn_2009%2Fpl%2Fc%2F&amp;FST=data.fst&amp;FDT=data04.fdt&amp;ekran=ISO&amp;lnkmsk=2&amp;cond=AND&amp;mask=2&amp;F_00=02&amp;V_00=Stasikowska+Olga\">Stasikowska<\/a>, Marian\u00a0<a href=\"http:\/\/212.51.198.1\/cgi-bin\/expertnk.exe?KAT=%2Fwww%2Fbazy%2Fexp_dzn_um_kbn_2009%2Fpl%2Fc%2F&amp;FST=data.fst&amp;FDT=data04.fdt&amp;ekran=ISO&amp;lnkmsk=2&amp;cond=AND&amp;mask=2&amp;F_00=02&amp;V_00=Danilewicz+Marian\">Danilewicz<\/a>, Ma\u0142gorzata\u00a0<a href=\"http:\/\/212.51.198.1\/cgi-bin\/expertnk.exe?KAT=%2Fwww%2Fbazy%2Fexp_dzn_um_kbn_2009%2Fpl%2Fc%2F&amp;FST=data.fst&amp;FDT=data04.fdt&amp;ekran=ISO&amp;lnkmsk=2&amp;cond=AND&amp;mask=2&amp;F_00=02&amp;V_00=W%B1growska-Danilewicz+Ma%B3gorzata\">W\u0105growska-Danilewicz<\/a>.\u00a0<a href=\"http:\/\/212.51.198.1\/cgi-bin\/expertnk.exe?KAT=%2Fwww%2Fbazy%2Fexp_dzn_um_kbn_2009%2Fpl%2Fc%2F&amp;FST=data.fst&amp;FDT=data04.fdt&amp;ekran=ISO&amp;lnkmsk=2&amp;cond=AND&amp;mask=2&amp;F_00=06&amp;V_00=Period.+Biol.+2008+Vol.+110+nr+1\">&#8211; Period. Biol. 2008 Vol. 110 nr 1<\/a>\u00a0s. 85-90,<\/p>\n<\/li>\n<li>\n<p align=\"justify\"><a href=\"http:\/\/www.ncbi.nlm.nih.gov\/pubmed\/18655368?ordinalpos=2&amp;itool=EntrezSystem2.PEntrez.Pubmed.Pubmed_ResultsPanel.Pubmed_DefaultReportPanel.Pubmed_RVDocSum\">Immunoexpression of beta-catenin&#8211;E-cadherin complex in primary serous ovarian tumors.<\/a>Stawerski P, Wagrowska-Danilewicz M, Stasikowska O, Gottwald L, Danilewicz M. Pol J Pathol. 2008;59(1):27-32<\/p>\n<\/li>\n<li>\n<p align=\"justify\"><a href=\"http:\/\/www.ncbi.nlm.nih.gov\/pubmed\/19391484?ordinalpos=7&amp;itool=EntrezSystem2.PEntrez.Pubmed.Pubmed_ResultsPanel.Pubmed_DefaultReportPanel.Pubmed_RVDocSum\">Aberrant tubulointerstitial immunoexpression of matrix metalloproteinases MMP-2, MMP-9 and tissue inhibitor of matrix proteinase-2 (TIMP-2) in acute cellular rejection of human renal allograft.<\/a>\u00a0Wagrowska-Danilewicz M, Danilewicz M. Pol J Pathol. 2008;59(4):189-94<\/p>\n<\/li>\n<li>\n<p align=\"justify\"><a href=\"http:\/\/www.ncbi.nlm.nih.gov\/pubmed\/18637416?ordinalpos=3&amp;itool=EntrezSystem2.PEntrez.Pubmed.Pubmed_ResultsPanel.Pubmed_DefaultReportPanel.Pubmed_RVDocSum\">[Juvenile angiofibroma in adults]<\/a>\u00a0\u0141ukomski M, Danilewicz M, Pajor A. Otolaryngol Pol. 2008;62(1):20-6.<\/p>\n<\/li>\n<li>\n<p align=\"justify\"><a href=\"http:\/\/www.ncbi.nlm.nih.gov\/pubmed\/18459455?ordinalpos=4&amp;itool=EntrezSystem2.PEntrez.Pubmed.Pubmed_ResultsPanel.Pubmed_DefaultReportPanel.Pubmed_RVDocSum\">Analysis of renal immunoexpression of cyclooxygenase-1 and cyclooxygenase-2 in lupus and nonlupus membranous glomerulopathy.<\/a>\u00a0Danilewicz M, Wagrowska-Danilewicz M. Pol J Pathol. 2007;58(4):221-6.<\/p>\n<\/li>\n<li>\n<p align=\"justify\"><a href=\"http:\/\/www.ncbi.nlm.nih.gov\/pubmed\/18336100?ordinalpos=6&amp;itool=EntrezSystem2.PEntrez.Pubmed.Pubmed_ResultsPanel.Pubmed_DefaultReportPanel.Pubmed_RVDocSum\">Synaptopodin immunoexpression in steroid-responsive and steroid-resistant minimal change disease and focal segmental glomerulosclerosis<\/a>. Wagrowska-Danilewicz M, Danilewicz M. Nefrologia. 2007;27(6):710-5.<\/p>\n<\/li>\n<li>\n<p align=\"justify\"><a href=\"http:\/\/www.ncbi.nlm.nih.gov\/pubmed\/17715674?ordinalpos=8&amp;itool=EntrezSystem2.PEntrez.Pubmed.Pubmed_ResultsPanel.Pubmed_DefaultReportPanel.Pubmed_RVDocSum\">Current position of electron microscopy in the diagnosis of glomerular diseases.<\/a>\u00a0Wagrowska-Danilewicz M, Danilewicz M. Pol J Pathol. 2007;58(2):87-92.<\/p>\n<\/li>\n<li>\n<p align=\"justify\"><a href=\"http:\/\/www.ncbi.nlm.nih.gov\/pubmed\/17995591?ordinalpos=8&amp;itool=EntrezSystem2.PEntrez.Pubmed.Pubmed_ResultsPanel.Pubmed_DefaultReportPanel.Pubmed_RVDocSum\">Amyloid a amyloidosis and renal failure in a course of Castleman disease.<\/a>\u00a0Antoni Sydor, Marlena\u00a0<a href=\"http:\/\/212.51.198.1\/cgi-bin\/expert3w.exe?KAT=%2Fwww%2Fbazy%2Fexp_bib_um%2Fpl%2Fa%2F&amp;FST=data.fst&amp;FDT=data.fdt&amp;ekran=ISO&amp;lnkmsk=2&amp;cond=AND&amp;mask=2&amp;F_00=02&amp;V_00=Madura+Marlena\">Madura<\/a>, Ma\u0142gorzata\u00a0<a href=\"http:\/\/212.51.198.1\/cgi-bin\/expert3w.exe?KAT=%2Fwww%2Fbazy%2Fexp_bib_um%2Fpl%2Fa%2F&amp;FST=data.fst&amp;FDT=data.fdt&amp;ekran=ISO&amp;lnkmsk=2&amp;cond=AND&amp;mask=2&amp;F_00=02&amp;V_00=W%B1growska-Danilewicz+Ma%B3gorzata\">W\u0105growska-Danilewicz<\/a>, Jacek\u00a0<a href=\"http:\/\/212.51.198.1\/cgi-bin\/expert3w.exe?KAT=%2Fwww%2Fbazy%2Fexp_bib_um%2Fpl%2Fa%2F&amp;FST=data.fst&amp;FDT=data.fdt&amp;ekran=ISO&amp;lnkmsk=2&amp;cond=AND&amp;mask=2&amp;F_00=02&amp;V_00=Nowak+Jacek\">Nowak<\/a>, Micha\u0142\u00a0<a href=\"http:\/\/212.51.198.1\/cgi-bin\/expert3w.exe?KAT=%2Fwww%2Fbazy%2Fexp_bib_um%2Fpl%2Fa%2F&amp;FST=data.fst&amp;FDT=data.fdt&amp;ekran=ISO&amp;lnkmsk=2&amp;cond=AND&amp;mask=2&amp;F_00=02&amp;V_00=Nowicki+Micha%B3\">Nowicki<\/a>. Nephrology (Carlton). 2007 Dec;12(6):620-1.<\/p>\n<\/li>\n<li>\n<p align=\"justify\"><a href=\"http:\/\/www.ncbi.nlm.nih.gov\/pubmed\/17585540?ordinalpos=9&amp;itool=EntrezSystem2.PEntrez.Pubmed.Pubmed_ResultsPanel.Pubmed_DefaultReportPanel.Pubmed_RVDocSum\">The significant role of RANTES and CCR5 in progressive tubulointerstitial lesions in lupus nephropathy.<\/a>\u00a0Stasikowska O, Danilewicz M, Wagrowska-Danilewicz M. Pol J Pathol. 2007;58(1):35-40.<\/p>\n<\/li>\n<li>\n<p align=\"justify\"><a href=\"http:\/\/www.ncbi.nlm.nih.gov\/pubmed\/17515951?ordinalpos=11&amp;itool=EntrezSystem2.PEntrez.Pubmed.Pubmed_ResultsPanel.Pubmed_DefaultReportPanel.Pubmed_RVDocSum\">Expression of selected integrins and selectins in bullous pemphigoid.<\/a>\u00a0Agnieszka Zebrowska Anna Sysa-Jedrzejowska, Ma\u0142gorzata W\u0105growska-Danilewicz, Ewa Joss-Wichman, Anna Erkiert-Polguj, Elzbieta Waszczykowska. Mediators Inflamm. 2007,4:1-7<\/p>\n<\/li>\n<li>\n<p align=\"justify\"><a href=\"http:\/\/www.ncbi.nlm.nih.gov\/pubmed\/17394006?ordinalpos=10&amp;itool=EntrezSystem2.PEntrez.Pubmed.Pubmed_ResultsPanel.Pubmed_DefaultReportPanel.Pubmed_RVDocSum\">Transforming growth factor beta 1 and metalloproteinase-9 overexpression in colorectal cancer (CC) and adenoma.<\/a>\u00a0Daniel P, Wagrowska-Danilewicz M, Danilewicz M, Stasikowska O, Malecka-Panas E. Int J Colorectal Dis. 2007 Oct;22(10):1165-72<\/p>\n<\/li>\n<li>\n<p align=\"justify\"><a href=\"http:\/\/www.ncbi.nlm.nih.gov\/pubmed\/17285762?ordinalpos=12&amp;itool=EntrezSystem2.PEntrez.Pubmed.Pubmed_ResultsPanel.Pubmed_DefaultReportPanel.Pubmed_RVDocSum\">Immunohistochemical analysis of transforming growth factor beta-1 in AA and AL renal amyloidosis.<\/a>\u00a0Danilewicz M, Wagrowska-Danilewicz M. Pol J Pathol. 2006;57(4):193-8.<\/p>\n<\/li>\n<li>\n<p align=\"justify\"><a href=\"http:\/\/www.ncbi.nlm.nih.gov\/pubmed\/17152811?ordinalpos=13&amp;itool=EntrezSystem2.PEntrez.Pubmed.Pubmed_ResultsPanel.Pubmed_DefaultReportPanel.Pubmed_RVDocSum\">[Evaluation of intensity of angiogenesis in granulation tissue in chronic otitis media&#8211;preliminary report]<\/a>\u00a0Pajor A, Jankowski A, Danilewicz M, Durko T. Otolaryngol Pol. 2006;60(4):571-6.<\/p>\n<\/li>\n<li>\n<p align=\"justify\">Immunoexpression of CD2-associated protein, alfa-actinin-4 and podocalyxin in idiopathic membranous glomerulopathy and membranous lupus nephritis. Ma\u0142gorzata\u00a0<a href=\"http:\/\/212.51.198.1\/cgi-bin\/expert3w.exe?KAT=%2Fwww%2Fbazy%2Fexp_bib_um%2Fpl%2Fa%2F&amp;FST=data.fst&amp;FDT=data.fdt&amp;ekran=ISO&amp;lnkmsk=2&amp;cond=AND&amp;mask=2&amp;F_00=02&amp;V_00=W%B1growska-Danilewicz+Ma%B3gorzata\">W\u0105growska-Danilewicz<\/a>, Marian\u00a0<a href=\"http:\/\/212.51.198.1\/cgi-bin\/expert3w.exe?KAT=%2Fwww%2Fbazy%2Fexp_bib_um%2Fpl%2Fa%2F&amp;FST=data.fst&amp;FDT=data.fdt&amp;ekran=ISO&amp;lnkmsk=2&amp;cond=AND&amp;mask=2&amp;F_00=02&amp;V_00=Danilewicz+Marian\">Danilewicz<\/a>.Period Biol 2006, 108(5): 597-602<\/p>\n<\/li>\n<li>\n<p align=\"justify\"><a href=\"http:\/\/www.ncbi.nlm.nih.gov\/pubmed\/16739878?ordinalpos=14&amp;itool=EntrezSystem2.PEntrez.Pubmed.Pubmed_ResultsPanel.Pubmed_DefaultReportPanel.Pubmed_RVDocSum\">Immunoexpression of podocyte-associated proteins in acquired human glomerulopathies with nephrotic syndrome.<\/a>\u00a0Wagrowska-Danilewicz M, Stasikowska O, Danilewicz M. Pol J Pathol. 2006;57(1):17-21<\/p>\n<\/li>\n<li>\n<p align=\"justify\"><a href=\"http:\/\/www.ncbi.nlm.nih.gov\/pubmed\/16846617?ordinalpos=15&amp;itool=EntrezSystem2.PEntrez.Pubmed.Pubmed_ResultsPanel.Pubmed_DefaultReportPanel.Pubmed_RVDocSum\">Inhibitory effect of thalidomide on the growth, secretory function and angiogenesis of estrogen-induced prolactinoma in Fischer 344 rats.<\/a>\u00a0Henryk\u00a0<a href=\"http:\/\/212.51.198.1\/cgi-bin\/expert3w.exe?KAT=%2Fwww%2Fbazy%2Fexp_bib_um%2Fpl%2Fa%2F&amp;FST=data.fst&amp;FDT=data.fdt&amp;ekran=ISO&amp;lnkmsk=2&amp;cond=AND&amp;mask=2&amp;F_00=02&amp;V_00=St%EApie%F1+Henryk\">St\u0119pie\u0144<\/a>, Hanna\u00a0<a href=\"http:\/\/212.51.198.1\/cgi-bin\/expert3w.exe?KAT=%2Fwww%2Fbazy%2Fexp_bib_um%2Fpl%2Fa%2F&amp;FST=data.fst&amp;FDT=data.fdt&amp;ekran=ISO&amp;lnkmsk=2&amp;cond=AND&amp;mask=2&amp;F_00=02&amp;V_00=%A3awnicka+Hanna\">\u0141awnicka<\/a>, S\u0142awomir\u00a0<a href=\"http:\/\/212.51.198.1\/cgi-bin\/expert3w.exe?KAT=%2Fwww%2Fbazy%2Fexp_bib_um%2Fpl%2Fa%2F&amp;FST=data.fst&amp;FDT=data.fdt&amp;ekran=ISO&amp;lnkmsk=2&amp;cond=AND&amp;mask=2&amp;F_00=02&amp;V_00=Mucha+S%B3awomir\">Mucha<\/a>, Ma\u0142gorzata\u00a0<a href=\"http:\/\/212.51.198.1\/cgi-bin\/expert3w.exe?KAT=%2Fwww%2Fbazy%2Fexp_bib_um%2Fpl%2Fa%2F&amp;FST=data.fst&amp;FDT=data.fdt&amp;ekran=ISO&amp;lnkmsk=2&amp;cond=AND&amp;mask=2&amp;F_00=02&amp;V_00=W%B1growska-Danilewicz+Ma%B3gorzata\">W\u0105growska-Danilewicz<\/a>, Bart\u0142omiej\u00a0<a href=\"http:\/\/212.51.198.1\/cgi-bin\/expert3w.exe?KAT=%2Fwww%2Fbazy%2Fexp_bib_um%2Fpl%2Fa%2F&amp;FST=data.fst&amp;FDT=data.fdt&amp;ekran=ISO&amp;lnkmsk=2&amp;cond=AND&amp;mask=2&amp;F_00=02&amp;V_00=St%EApie%F1+Bart%B3omiej\">St\u0119pie\u0144<\/a>, Agnieszka\u00a0<a href=\"http:\/\/212.51.198.1\/cgi-bin\/expert3w.exe?KAT=%2Fwww%2Fbazy%2Fexp_bib_um%2Fpl%2Fa%2F&amp;FST=data.fst&amp;FDT=data.fdt&amp;ekran=ISO&amp;lnkmsk=2&amp;cond=AND&amp;mask=2&amp;F_00=02&amp;V_00=Siejka+Agnieszka\">Siejka<\/a>, Jan\u00a0<a href=\"http:\/\/212.51.198.1\/cgi-bin\/expert3w.exe?KAT=%2Fwww%2Fbazy%2Fexp_bib_um%2Fpl%2Fa%2F&amp;FST=data.fst&amp;FDT=data.fdt&amp;ekran=ISO&amp;lnkmsk=2&amp;cond=AND&amp;mask=2&amp;F_00=02&amp;V_00=Komorowski+Jan\">Komorowski<\/a>. Life Sci. 2006 Sep 27;79(18):1741-8.<\/p>\n<\/li>\n<li>\n<p align=\"justify\"><a href=\"http:\/\/www.ncbi.nlm.nih.gov\/pubmed\/16440541?ordinalpos=15&amp;itool=EntrezSystem2.PEntrez.Pubmed.Pubmed_ResultsPanel.Pubmed_DefaultReportPanel.Pubmed_RVDocSum\">Adhesion molecules and their ligands in nasal polyps of aspirin-hypersensitive patients.<\/a>\u00a0Kupczyk M, Kupry\u015b I, Danilewicz M, Boche\u0144ska-Marciniak M, Murlewska A, G\u00f3rski P, Kuna P. Ann Allergy Asthma Immunol. 2006 Jan;96(1):105-11.<\/p>\n<\/li>\n<li>\n<p align=\"justify\"><a href=\"http:\/\/www.ncbi.nlm.nih.gov\/pubmed\/16343799?ordinalpos=16&amp;itool=EntrezSystem2.PEntrez.Pubmed.Pubmed_ResultsPanel.Pubmed_DefaultReportPanel.Pubmed_RVDocSum\">Correlative insights into the immunoexpression of transforming growth factor beta-1 in acutely rejected renal allografts.<\/a>\u00a0Danilewicz M, Wagrowska-Danilewicz M. Pathol Res Pract. 2006;202(1):9-15.<\/p>\n<\/li>\n<li>\n<p align=\"justify\"><a href=\"http:\/\/www.ncbi.nlm.nih.gov\/pubmed\/16334979?ordinalpos=17&amp;itool=EntrezSystem2.PEntrez.Pubmed.Pubmed_ResultsPanel.Pubmed_DefaultReportPanel.Pubmed_RVDocSum\">CC chemokines and chemokine receptors in IgA nephropathy (IgAN) and in non-IgA mesangial proliferative glomerulonephritis (MesProGN). the immunohistochemical comparative study.<\/a>Wagrowska-Danilewicz M, Danilewicz M, Stasikowska O. Pol J Pathol. 2005;56(3):121-6.<\/p>\n<\/li>\n<li>\n<p align=\"justify\"><a href=\"http:\/\/www.ncbi.nlm.nih.gov\/pubmed\/16334978?ordinalpos=18&amp;itool=EntrezSystem2.PEntrez.Pubmed.Pubmed_ResultsPanel.Pubmed_DefaultReportPanel.Pubmed_RVDocSum\">Correlative insights into immunoexpression of monocyte chemoattractant protein-1, transforming growth factor beta-1 and CD68+ cells in lupus nephritis.<\/a>\u00a0Wagrowska-Danilewicz M, Stasikowska O, Danilewicz M. Pol J Pathol. 2005;56(3):115-20.<\/p>\n<\/li>\n<li>\n<p align=\"justify\"><a href=\"http:\/\/www.ncbi.nlm.nih.gov\/pubmed\/16092667?ordinalpos=19&amp;itool=EntrezSystem2.PEntrez.Pubmed.Pubmed_ResultsPanel.Pubmed_DefaultReportPanel.Pubmed_RVDocSum\">Immunohistochemical analysis of the interstitial mast cells in rebiopsied patients with idiopathic mesangial proliferative glomerulonephritis.<\/a>\u00a0Danilewicz M, Wagrowska-Danilewicz M. Pol J Pathol. 2005;56(2):63-8.<\/p>\n<\/li>\n<li>\n<p align=\"justify\"><a href=\"http:\/\/www.ncbi.nlm.nih.gov\/pubmed\/15813808?ordinalpos=20&amp;itool=EntrezSystem2.PEntrez.Pubmed.Pubmed_ResultsPanel.Pubmed_DefaultReportPanel.Pubmed_RVDocSum\">Association of stem cell factor expression in nasal polyp epithelial cells with aspirin sensitivity and asthma.<\/a>\u00a0Kowalski ML, Lewandowska-Polak A, Wo\u017aniak J, Ptasi\u0144ska A, Jankowski A, Wagrowska-Danilewicz M, Danilewicz M, Pawliczak R. Allergy. 2005 May;60(5):631-7.<\/p>\n<\/li>\n<\/ol>\n","protected":false},"excerpt":{"rendered":"<p>Ostatnie publikacje pracownik\u00f3w Zak\u0142adu: Morphometric and immunohistochemical insight into focal segmental glomerulosclerosis in obese and non-obese patients.\u00a0Danilewicz M, Wagrowska-Danielwicz M. [&hellip;]<\/p>\n","protected":false},"author":5,"featured_media":0,"parent":0,"menu_order":0,"comment_status":"closed","ping_status":"closed","template":"","meta":{"footnotes":""},"class_list":["post-59","page","type-page","status-publish","hentry"],"_links":{"self":[{"href":"https:\/\/nefropatologia.umed.pl\/index.php\/wp-json\/wp\/v2\/pages\/59","targetHints":{"allow":["GET"]}}],"collection":[{"href":"https:\/\/nefropatologia.umed.pl\/index.php\/wp-json\/wp\/v2\/pages"}],"about":[{"href":"https:\/\/nefropatologia.umed.pl\/index.php\/wp-json\/wp\/v2\/types\/page"}],"author":[{"embeddable":true,"href":"https:\/\/nefropatologia.umed.pl\/index.php\/wp-json\/wp\/v2\/users\/5"}],"replies":[{"embeddable":true,"href":"https:\/\/nefropatologia.umed.pl\/index.php\/wp-json\/wp\/v2\/comments?post=59"}],"version-history":[{"count":2,"href":"https:\/\/nefropatologia.umed.pl\/index.php\/wp-json\/wp\/v2\/pages\/59\/revisions"}],"predecessor-version":[{"id":144,"href":"https:\/\/nefropatologia.umed.pl\/index.php\/wp-json\/wp\/v2\/pages\/59\/revisions\/144"}],"wp:attachment":[{"href":"https:\/\/nefropatologia.umed.pl\/index.php\/wp-json\/wp\/v2\/media?parent=59"}],"curies":[{"name":"wp","href":"https:\/\/api.w.org\/{rel}","templated":true}]}}