{"id":55,"date":"2017-10-23T11:54:44","date_gmt":"2017-10-23T09:54:44","guid":{"rendered":"http:\/\/nefropatologia.umed.pl\/?page_id=55"},"modified":"2023-05-18T10:17:43","modified_gmt":"2023-05-18T08:17:43","slug":"wspolpraca-naukowa","status":"publish","type":"page","link":"https:\/\/nefropatologia.umed.pl\/index.php\/wspolpraca-naukowa\/","title":{"rendered":"Wsp\u00f3\u0142praca naukowa"},"content":{"rendered":"<ol>\n<li>Charit\u00e9 &#8211; Universit\u00e4tsmedizin Berlin Institute of Pathology<\/li>\n<li>Oddzia\u0142 Kliniczny Chirurgii Rekonstrukcyjnej i Artroskopowej Stawu Kolanowego U. M. w \u0141odzi<\/li>\n<li>Oddzia\u0142 Kliniczny Artroskopii, Chirurgii Ma\u0142oinwazyjnej i Traumatologii Sportowej U. M. w \u0141odzi<\/li>\n<li>Klinika Chor\u00f3b Przewodu Pokarmowego U. M. w \u0141odzi<\/li>\n<li>Klinika Dermatologii i Wenerologii U. M. w \u0141odzi<\/li>\n<li>Zak\u0142ad Audiologii i Foniatrii U. M. w \u0141odzi<\/li>\n<\/ol>\n","protected":false},"excerpt":{"rendered":"<p>Charit\u00e9 &#8211; Universit\u00e4tsmedizin Berlin Institute of Pathology Oddzia\u0142 Kliniczny Chirurgii Rekonstrukcyjnej i Artroskopowej Stawu Kolanowego U. M. w \u0141odzi Oddzia\u0142 [&hellip;]<\/p>\n","protected":false},"author":5,"featured_media":0,"parent":0,"menu_order":0,"comment_status":"closed","ping_status":"closed","template":"","meta":{"footnotes":""},"class_list":["post-55","page","type-page","status-publish","hentry"],"_links":{"self":[{"href":"https:\/\/nefropatologia.umed.pl\/index.php\/wp-json\/wp\/v2\/pages\/55","targetHints":{"allow":["GET"]}}],"collection":[{"href":"https:\/\/nefropatologia.umed.pl\/index.php\/wp-json\/wp\/v2\/pages"}],"about":[{"href":"https:\/\/nefropatologia.umed.pl\/index.php\/wp-json\/wp\/v2\/types\/page"}],"author":[{"embeddable":true,"href":"https:\/\/nefropatologia.umed.pl\/index.php\/wp-json\/wp\/v2\/users\/5"}],"replies":[{"embeddable":true,"href":"https:\/\/nefropatologia.umed.pl\/index.php\/wp-json\/wp\/v2\/comments?post=55"}],"version-history":[{"count":3,"href":"https:\/\/nefropatologia.umed.pl\/index.php\/wp-json\/wp\/v2\/pages\/55\/revisions"}],"predecessor-version":[{"id":147,"href":"https:\/\/nefropatologia.umed.pl\/index.php\/wp-json\/wp\/v2\/pages\/55\/revisions\/147"}],"wp:attachment":[{"href":"https:\/\/nefropatologia.umed.pl\/index.php\/wp-json\/wp\/v2\/media?parent=55"}],"curies":[{"name":"wp","href":"https:\/\/api.w.org\/{rel}","templated":true}]}}