{"id":2,"date":"2017-10-09T13:30:40","date_gmt":"2017-10-09T11:30:40","guid":{"rendered":"http:\/\/nefropatologia.umed.pl\/?page_id=2"},"modified":"2023-05-18T10:16:33","modified_gmt":"2023-05-18T08:16:33","slug":"profil-dzialalnosci","status":"publish","type":"page","link":"https:\/\/nefropatologia.umed.pl\/index.php\/profil-dzialalnosci\/","title":{"rendered":"Profil dzia\u0142alno\u015bci"},"content":{"rendered":"\n<p>Zak\u0142ad Nefropatologii jest jednostk\u0105 dydaktyczn\u0105 prowadz\u0105c\u0105 szkolenie przeddyplomowe oraz podyplomowe. Dzia\u0142alno\u015b\u0107 naukowo-badawcza zwi\u0105zana jest g\u0142\u00f3wnie z problematyk\u0105 chor\u00f3b nerek, a przedmiotem szczeg\u00f3lnego zainteresowania s\u0105 glomerulopatie pierwotne i wt\u00f3rne oraz badania nerek przeszczepionych. Do bada\u0144 tych wykorzystywane s\u0105 techniki immunohistochemiczne i hybrydyzacji in situ prowadzone w dobrze wyposa\u017conych pracowniach. Obiektywizacj\u0119 wynik\u00f3w umo\u017cliwia system automatycznej analizy obrazu dzia\u0142aj\u0105cy w pracowni morfometrii. W Zak\u0142adzie Nefropatologii prowadzona jest r\u00f3wnie\u017c dzia\u0142alno\u015b\u0107 us\u0142ugowa polegaj\u0105ca na ocenie biopunktat\u00f3w nerek dla o\u015brodk\u00f3w nefrologicznych regionu \u0142\u00f3dzkiego. Badania te obejmuj\u0105 diagnostyk\u0119 w mikroskopie \u015bwietlnym, diagnostyk\u0119 immunomorfolgiczn\u0105 oraz mikroskopowo elektronow\u0105. Pracownicy Zak\u0142adu uczestnicz\u0105 r\u00f3wnie\u017c w diagnostyce z zakresu histopatologii og\u00f3lnej.<\/p>\n\n\n\n<p>Ostatnio prowadzone badania:<\/p>\n\n\n\n<p>Ocena ekspresji bia\u0142ek zwi\u0105zanych z apoptoz\u0105, adhezj\u0105 i proliferacj\u0105 jako czynnik\u00f3w prognostycznych w rakach surowiczych jajnika, 502-15-513, kierownik: prof. dr hab. Marian Danilewicz, 2006-2008<\/p>\n\n\n\n<p>Ocena immunoekspresji metaloproteinaz w biopunktatach nerek przeszczepionych, 502-16-655, kierownik: prof. dr hab. Ma\u0142gorzata W\u0105growska-Danilewicz, 2007-2009<\/p>\n\n\n\n<p>Badania ekspresji DNA wirusa HPV metod\u0105 hybrydyzacji in situ w wybranych nab\u0142onkowych nowotworach krtani i nosogard\u0142a, 502-16-822, kierownik: dr Olga Stasikowska, 2008-2011<\/p>\n\n\n\n<p>Opracowanie i wdro\u017cenie wsp\u00f3\u0142czesnych procedur i standard\u00f3w patomorfologicznej diagnostyki k\u0142\u0119buszkowych zapale\u0144 nerek, N N402 088735, kierownik: prof. dr hab. Ma\u0142gorzata W\u0105growska-Danilewicz, 2008-2011<\/p>\n","protected":false},"excerpt":{"rendered":"<p>Zak\u0142ad Nefropatologii jest jednostk\u0105 dydaktyczn\u0105 prowadz\u0105c\u0105 szkolenie przeddyplomowe oraz podyplomowe. Dzia\u0142alno\u015b\u0107 naukowo-badawcza zwi\u0105zana jest g\u0142\u00f3wnie z problematyk\u0105 chor\u00f3b nerek, a [&hellip;]<\/p>\n","protected":false},"author":5,"featured_media":0,"parent":0,"menu_order":0,"comment_status":"closed","ping_status":"open","template":"","meta":{"footnotes":""},"class_list":["post-2","page","type-page","status-publish","hentry"],"_links":{"self":[{"href":"https:\/\/nefropatologia.umed.pl\/index.php\/wp-json\/wp\/v2\/pages\/2","targetHints":{"allow":["GET"]}}],"collection":[{"href":"https:\/\/nefropatologia.umed.pl\/index.php\/wp-json\/wp\/v2\/pages"}],"about":[{"href":"https:\/\/nefropatologia.umed.pl\/index.php\/wp-json\/wp\/v2\/types\/page"}],"author":[{"embeddable":true,"href":"https:\/\/nefropatologia.umed.pl\/index.php\/wp-json\/wp\/v2\/users\/5"}],"replies":[{"embeddable":true,"href":"https:\/\/nefropatologia.umed.pl\/index.php\/wp-json\/wp\/v2\/comments?post=2"}],"version-history":[{"count":5,"href":"https:\/\/nefropatologia.umed.pl\/index.php\/wp-json\/wp\/v2\/pages\/2\/revisions"}],"predecessor-version":[{"id":143,"href":"https:\/\/nefropatologia.umed.pl\/index.php\/wp-json\/wp\/v2\/pages\/2\/revisions\/143"}],"wp:attachment":[{"href":"https:\/\/nefropatologia.umed.pl\/index.php\/wp-json\/wp\/v2\/media?parent=2"}],"curies":[{"name":"wp","href":"https:\/\/api.w.org\/{rel}","templated":true}]}}